{"id":6005,"date":"2022-04-07T08:51:19","date_gmt":"2022-04-07T07:51:19","guid":{"rendered":"https:\/\/www.naturhouse.com\/?page_id=6005"},"modified":"2022-05-31T09:00:21","modified_gmt":"2022-05-31T08:00:21","slug":"reports-from-the-audit-committee-and-the-appointments-and-remuneration-committee","status":"publish","type":"page","link":"https:\/\/www.naturhouse.com\/en\/investor-relations\/reports-from-the-audit-committee-and-the-appointments-and-remuneration-committee\/","title":{"rendered":"Reports from the Audit Committee and the Appointments and Remuneration Committee"},"content":{"rendered":"<p>Below are the reports issued by the Audit Committee and the Appointments and Remuneration Committee;<\/p>\n<h4>2022<\/h4>\n<p><span style=\"text-decoration: underline;\">Related party transactions report-Q1 2022<\/span><\/p>\n<p><a href=\"https:\/\/www.naturhouse.com\/wp-content\/uploads\/2022\/05\/Informaci\u00f3n-sobre-Operaciones-vinculadas-Informe-Comisi\u00f3n-de-auditor\u00eda_2022.pdf\"><span class=\"pull-left\">Descargar PDF<\/span><\/a><\/p>\n<p>&nbsp;<\/p>\n<p><span style=\"text-decoration: underline;\">Related party transactions report\u00a02021<\/span><\/p>\n<p><a href=\"https:\/\/www.naturhouse.com\/wp-content\/uploads\/2022\/03\/OIR-Operaciones-vinculadas_2021.pdf\" target=\"blank\"><span class=\"pull-left\">Descargar PDF<\/span><\/a><\/p>\n<p>&nbsp;<\/p>\n<p><span style=\"text-decoration: underline;\">Audit Committe Report on Independence of External Auditor 2021<\/span><\/p>\n<p><a href=\"https:\/\/www.naturhouse.com\/wp-content\/uploads\/2022\/04\/Audit-Committe-Report-on-Independence-of-External-Auditor_2021.pdf\"><span class=\"pull-left\">Descargar PDF<\/span><\/a><\/p>\n<h4><\/h4>\n<h4>2021<\/h4>\n<p><span style=\"text-decoration: underline;\">Audit Committe Report on Independence of External Auditor 2020<\/span><\/p>\n<p><a href=\"https:\/\/www.naturhouse.com\/wp-content\/uploads\/2022\/04\/Informe-Comision-Auditoria-Independencia-del-Auditor-Externo_2020.pdf\" target=\"blank\"><span class=\"pull-left\">Descargar PDF<\/span><\/a><\/p>\n","protected":false},"excerpt":{"rendered":"<p>Below are the reports issued by the Audit Committee and the Appointments and Remuneration Committee; 2022 Related party transactions report-Q1 2022 Descargar PDF &nbsp; Related party transactions report\u00a02021 Descargar PDF &nbsp; Audit Committe Report on Independence of External Auditor 2021 Descargar PDF 2021 Audit Committe Report on Independence of External Auditor 2020 Descargar PDF<\/p>\n","protected":false},"author":3,"featured_media":0,"parent":1210,"menu_order":0,"comment_status":"closed","ping_status":"closed","template":"page-templates\/template_relacion_inversores_general.php","meta":{"footnotes":""},"yoast_head":"<!-- This site is optimized with the Yoast SEO plugin v22.7 - https:\/\/yoast.com\/wordpress\/plugins\/seo\/ -->\n<title>Naturhouse | Reports from the Audit Committee and the Appointments and Remuneration Committee -<\/title>\n<meta name=\"robots\" content=\"index, follow, max-snippet:-1, max-image-preview:large, max-video-preview:-1\" \/>\n<link rel=\"canonical\" href=\"https:\/\/www.naturhouse.com\/en\/investor-relations\/reports-from-the-audit-committee-and-the-appointments-and-remuneration-committee\/\" \/>\n<meta property=\"og:locale\" content=\"en_US\" \/>\n<meta property=\"og:type\" content=\"article\" \/>\n<meta property=\"og:title\" content=\"Naturhouse | Reports from the Audit Committee and the Appointments and Remuneration Committee -\" \/>\n<meta property=\"og:description\" content=\"Below are the reports issued by the Audit Committee and the Appointments and Remuneration Committee; 2022 Related party transactions report-Q1 2022 Descargar PDF &nbsp; Related party transactions report\u00a02021 Descargar PDF &nbsp; Audit Committe Report on Independence of External Auditor 2021 Descargar PDF 2021 Audit Committe Report on Independence of External Auditor 2020 Descargar PDF\" \/>\n<meta property=\"og:url\" content=\"https:\/\/www.naturhouse.com\/en\/investor-relations\/reports-from-the-audit-committee-and-the-appointments-and-remuneration-committee\/\" \/>\n<meta property=\"og:site_name\" content=\"Naturhouse\" \/>\n<meta property=\"article:modified_time\" content=\"2022-05-31T08:00:21+00:00\" \/>\n<script type=\"application\/ld+json\" class=\"yoast-schema-graph\">{\"@context\":\"https:\/\/schema.org\",\"@graph\":[{\"@type\":\"WebPage\",\"@id\":\"https:\/\/www.naturhouse.com\/en\/investor-relations\/reports-from-the-audit-committee-and-the-appointments-and-remuneration-committee\/\",\"url\":\"https:\/\/www.naturhouse.com\/en\/investor-relations\/reports-from-the-audit-committee-and-the-appointments-and-remuneration-committee\/\",\"name\":\"Naturhouse | Reports from the Audit Committee and the Appointments and Remuneration Committee -\",\"isPartOf\":{\"@id\":\"https:\/\/www.naturhouse.com\/#website\"},\"datePublished\":\"2022-04-07T07:51:19+00:00\",\"dateModified\":\"2022-05-31T08:00:21+00:00\",\"breadcrumb\":{\"@id\":\"https:\/\/www.naturhouse.com\/en\/investor-relations\/reports-from-the-audit-committee-and-the-appointments-and-remuneration-committee\/#breadcrumb\"},\"inLanguage\":\"en-US\",\"potentialAction\":[{\"@type\":\"ReadAction\",\"target\":[\"https:\/\/www.naturhouse.com\/en\/investor-relations\/reports-from-the-audit-committee-and-the-appointments-and-remuneration-committee\/\"]}]},{\"@type\":\"BreadcrumbList\",\"@id\":\"https:\/\/www.naturhouse.com\/en\/investor-relations\/reports-from-the-audit-committee-and-the-appointments-and-remuneration-committee\/#breadcrumb\",\"itemListElement\":[{\"@type\":\"ListItem\",\"position\":1,\"name\":\"Home\",\"item\":\"https:\/\/www.naturhouse.com\/en\/\"},{\"@type\":\"ListItem\",\"position\":2,\"name\":\"Investor Relations\",\"item\":\"https:\/\/www.naturhouse.com\/en\/investor-relations\/\"},{\"@type\":\"ListItem\",\"position\":3,\"name\":\"Reports from the Audit Committee and the Appointments and Remuneration Committee\"}]},{\"@type\":\"WebSite\",\"@id\":\"https:\/\/www.naturhouse.com\/#website\",\"url\":\"https:\/\/www.naturhouse.com\/\",\"name\":\"Naturhouse\",\"description\":\"Otro sitio realizado con WordPress\",\"potentialAction\":[{\"@type\":\"SearchAction\",\"target\":{\"@type\":\"EntryPoint\",\"urlTemplate\":\"https:\/\/www.naturhouse.com\/?s={search_term_string}\"},\"query-input\":\"required name=search_term_string\"}],\"inLanguage\":\"en-US\"}]}<\/script>\n<!-- \/ Yoast SEO plugin. -->","yoast_head_json":{"title":"Naturhouse | Reports from the Audit Committee and the Appointments and Remuneration Committee -","robots":{"index":"index","follow":"follow","max-snippet":"max-snippet:-1","max-image-preview":"max-image-preview:large","max-video-preview":"max-video-preview:-1"},"canonical":"https:\/\/www.naturhouse.com\/en\/investor-relations\/reports-from-the-audit-committee-and-the-appointments-and-remuneration-committee\/","og_locale":"en_US","og_type":"article","og_title":"Naturhouse | Reports from the Audit Committee and the Appointments and Remuneration Committee -","og_description":"Below are the reports issued by the Audit Committee and the Appointments and Remuneration Committee; 2022 Related party transactions report-Q1 2022 Descargar PDF &nbsp; Related party transactions report\u00a02021 Descargar PDF &nbsp; Audit Committe Report on Independence of External Auditor 2021 Descargar PDF 2021 Audit Committe Report on Independence of External Auditor 2020 Descargar PDF","og_url":"https:\/\/www.naturhouse.com\/en\/investor-relations\/reports-from-the-audit-committee-and-the-appointments-and-remuneration-committee\/","og_site_name":"Naturhouse","article_modified_time":"2022-05-31T08:00:21+00:00","schema":{"@context":"https:\/\/schema.org","@graph":[{"@type":"WebPage","@id":"https:\/\/www.naturhouse.com\/en\/investor-relations\/reports-from-the-audit-committee-and-the-appointments-and-remuneration-committee\/","url":"https:\/\/www.naturhouse.com\/en\/investor-relations\/reports-from-the-audit-committee-and-the-appointments-and-remuneration-committee\/","name":"Naturhouse | Reports from the Audit Committee and the Appointments and Remuneration Committee -","isPartOf":{"@id":"https:\/\/www.naturhouse.com\/#website"},"datePublished":"2022-04-07T07:51:19+00:00","dateModified":"2022-05-31T08:00:21+00:00","breadcrumb":{"@id":"https:\/\/www.naturhouse.com\/en\/investor-relations\/reports-from-the-audit-committee-and-the-appointments-and-remuneration-committee\/#breadcrumb"},"inLanguage":"en-US","potentialAction":[{"@type":"ReadAction","target":["https:\/\/www.naturhouse.com\/en\/investor-relations\/reports-from-the-audit-committee-and-the-appointments-and-remuneration-committee\/"]}]},{"@type":"BreadcrumbList","@id":"https:\/\/www.naturhouse.com\/en\/investor-relations\/reports-from-the-audit-committee-and-the-appointments-and-remuneration-committee\/#breadcrumb","itemListElement":[{"@type":"ListItem","position":1,"name":"Home","item":"https:\/\/www.naturhouse.com\/en\/"},{"@type":"ListItem","position":2,"name":"Investor Relations","item":"https:\/\/www.naturhouse.com\/en\/investor-relations\/"},{"@type":"ListItem","position":3,"name":"Reports from the Audit Committee and the Appointments and Remuneration Committee"}]},{"@type":"WebSite","@id":"https:\/\/www.naturhouse.com\/#website","url":"https:\/\/www.naturhouse.com\/","name":"Naturhouse","description":"Otro sitio realizado con WordPress","potentialAction":[{"@type":"SearchAction","target":{"@type":"EntryPoint","urlTemplate":"https:\/\/www.naturhouse.com\/?s={search_term_string}"},"query-input":"required name=search_term_string"}],"inLanguage":"en-US"}]}},"_links":{"self":[{"href":"https:\/\/www.naturhouse.com\/en\/wp-json\/wp\/v2\/pages\/6005"}],"collection":[{"href":"https:\/\/www.naturhouse.com\/en\/wp-json\/wp\/v2\/pages"}],"about":[{"href":"https:\/\/www.naturhouse.com\/en\/wp-json\/wp\/v2\/types\/page"}],"author":[{"embeddable":true,"href":"https:\/\/www.naturhouse.com\/en\/wp-json\/wp\/v2\/users\/3"}],"replies":[{"embeddable":true,"href":"https:\/\/www.naturhouse.com\/en\/wp-json\/wp\/v2\/comments?post=6005"}],"version-history":[{"count":14,"href":"https:\/\/www.naturhouse.com\/en\/wp-json\/wp\/v2\/pages\/6005\/revisions"}],"predecessor-version":[{"id":6324,"href":"https:\/\/www.naturhouse.com\/en\/wp-json\/wp\/v2\/pages\/6005\/revisions\/6324"}],"up":[{"embeddable":true,"href":"https:\/\/www.naturhouse.com\/en\/wp-json\/wp\/v2\/pages\/1210"}],"wp:attachment":[{"href":"https:\/\/www.naturhouse.com\/en\/wp-json\/wp\/v2\/media?parent=6005"}],"curies":[{"name":"wp","href":"https:\/\/api.w.org\/{rel}","templated":true}]}}